{"id":508,"date":"2025-04-21T17:49:02","date_gmt":"2025-04-21T17:49:02","guid":{"rendered":"https:\/\/larutaibericagourmet.com\/nosotros\/"},"modified":"2026-03-06T10:06:50","modified_gmt":"2026-03-06T10:06:50","slug":"services","status":"publish","type":"page","link":"https:\/\/larutaibericagourmet.com\/en\/services\/","title":{"rendered":"Services"},"content":{"rendered":"<section class=\"header_about_ecommerce_curvy1_1_1 background-1-dark\" id=\"\" data-block-id=\"69e0f52825e6a69e0f52825e6c\" data-block-name=\"acf\/header-about-ecommerce-curvy1-1-1\" data-post-id=\"508\" data-stable-id=\"block_119d7505f879c0665aa3d562def5ae06\">\r\n    <div class=\"container\">\r\n        <div class=\"row\">\r\n            <div class=\"col col-titulo\">\r\n                                <h1 class=\"tamano1 color-2-headings-light\">Professional Ham Carving Services<\/h1>\r\n                                                <div class=\"texto tamano-7-mediumcta color-2-body-light\"><p>Unique gastronomic experiences, tailored to your event and served with precision and elegance<\/p>\n<\/div>\r\n                            <\/div>\r\n            <div class=\"col col-imagen\">\r\n                                <div class=\"imagen\" aria-label=\"\"\r\n                    style=\"background-image:url('https:\/\/larutaibericagourmet.com\/wp-content\/uploads\/2025\/08\/loncheando_1_268511-174345906348026.webp');\">\r\n                                        <\/div>\r\n                <\/div>\r\n            <\/div>\r\n        <\/div>\r\n<\/section>\r\n<style>\r\n    .header_about_ecommerce_curvy1_1_1:after {\r\n        content: \"\";\r\n        background: var(--background-1-light);\r\n        width: 100%;\r\n        bottom: -1px;\r\n        left: 0;\r\n        height: 300px;\r\n        position: absolute;\r\n        z-index: 0;\r\n    }\r\n\r\n    .header_about_ecommerce_curvy1_1_1 .col-imagen .imagen {\r\n        height: 737px;\r\n        background-position: center;\r\n        background-repeat: no-repeat;\r\n        border-radius: 30px;\r\n        background-size: cover;\r\n    }\r\n    \r\n    .header_about_ecommerce_curvy1_1_1 {\r\n        padding-top: 260px;\r\n        position: relative;\r\n        padding-bottom: 40px;\r\n    }\r\n\r\n    .header_about_ecommerce_curvy1_1_1 .texto * {\r\n        padding-bottom: 15px;\r\n    }\r\n\r\n    .header_about_ecommerce_curvy1_1_1 .col-imagen {\r\n        margin-top: 125px;\r\n    }\r\n\r\n    .header_about_ecommerce_curvy1_1_1 .texto *:last-child {\r\n        padding-bottom: 0;\r\n    }\r\n\r\n    .header_about_ecommerce_curvy1_1_1 .container {\r\n        position: relative;\r\n        z-index: 1;\r\n    }\r\n\r\n    .header_about_ecommerce_curvy1_1_1 .col-titulo {\r\n        max-width: 1250px;\r\n        margin: 0 auto;\r\n        text-align: center;\r\n    }\r\n\r\n    .header_about_ecommerce_curvy1_1_1 .btn-round {\r\n        border-radius: 60px;\r\n        \/* background: var(--color-boton-3-normal);*\/\r\n        padding: 12px 25px;\r\n        \/*color: var(--color-boton-3-texto-normal);*\/\r\n        display: inline-block;\r\n        min-width: 175px;\r\n        text-align: center;\r\n        text-decoration: none;\r\n    }\r\n    \r\n    .header_about_ecommerce_curvy1_1_1 h1 {\r\n        padding-bottom: 20px;\r\n        max-width: 1205px;\r\n    }\r\n\r\n    @media (max-width:1350px) {\r\n        .header_about_ecommerce_curvy1_1_1 .col-imagen .imagen {\r\n            height: 620px;\r\n        }\r\n    }\r\n\r\n    @media (max-width:1200px) {\r\n        .header_about_ecommerce_curvy1_1_1 .col-imagen .imagen {\r\n            height: 540px;\r\n        }\r\n\r\n        .header_about_ecommerce_curvy1_1_1 {\r\n            padding-top: 180px;\r\n        }\r\n\r\n        .header_about_ecommerce_curvy1_1_1 .col-imagen {\r\n            margin-top: 100px;\r\n        }\r\n    }\r\n\r\n    @media (max-width:992px) {\r\n        .header_about_ecommerce_curvy1_1_1 .col-imagen .imagen {\r\n            height: 450px;\r\n        }\r\n    }\r\n\r\n    @media (max-width:768px) {\r\n        .header_about_ecommerce_curvy1_1_1 .col-imagen .imagen {\r\n            height: 350px;\r\n        }\r\n\r\n        .header_about_ecommerce_curvy1_1_1:after {\r\n            height: 215px;\r\n        }\r\n\r\n        .header_about_ecommerce_curvy1_1_1 {\r\n            padding-top: 100px;\r\n        }\r\n\r\n        .header_about_ecommerce_curvy1_1_1 h1 {\r\n            padding: 35px 0 25px;\r\n            line-height: var(--tamano5-line-height);\r\n            font-size: var(--tamano4-font-size);\r\n        }\r\n\r\n        .header_about_ecommerce_curvy1_1_1 .texto {\r\n            padding-bottom: 20px;\r\n        }\r\n\r\n        .header_about_ecommerce_curvy1_1_1 .col-imagen {\r\n            margin-top: 30px;\r\n        }\r\n    }\r\n\r\n    @media (max-width:575px) {\r\n        .header_about_ecommerce_curvy1_1_1 .col-imagen .imagen {\r\n            height: 275px;\r\n        }\r\n    }\r\n<\/style>\r\n\n\n<section class=\"about_ecommerce_curvy1_2_2 background-1-dark\" id=\"\" data-block-id=\"69e0f5282976769e0f52829768\" data-block-name=\"acf\/about-ecommerce-curvy1-2-2\" data-post-id=\"508\" data-stable-id=\"block_b1fe41054b67ea2cc043d2f273429d6b\">\r\n    <div class=\"container\">\r\n        <div class=\"row\">\r\n            <div class=\"col col-imagen\">\r\n                                <img decoding=\"async\" src=\"https:\/\/larutaibericagourmet.com\/wp-content\/uploads\/2025\/08\/gallecs_1_268511-174345860516584-1.webp\" alt=\"\" title=\"gallecs_1_268511-174345860516584 (1)\">\r\n                            <\/div>\r\n            <div class=\"col col-texto\">\r\n                                                                <h3 class=\"tamano4 color-2-headings-light\">Live Ham Carving for Celebrations<\/h3>\r\n                                                <div class=\"texto tamano7 color-2-body-light\"><p>Enjoy the art of carving at weddings, communions, anniversaries, and special events, creating unforgettable moments with a touch of flavor and elegance.<\/p>\n<\/div>\r\n                                                                <h3 class=\"tamano4 color-2-headings-light\">Service for Restaurants and Catering<\/h3>\r\n                                                <div class=\"texto tamano7 color-2-body-light\"><p>I bring distinction and quality to your menus with professional carving that enhances your customers&#8217; gastronomic experience.<\/p>\n<\/div>\r\n                                                                <h3 class=\"tamano4 color-2-headings-light\">Private Tastings and Showcookings<\/h3>\r\n                                                <div class=\"texto tamano7 color-2-body-light\"><p>Discover the curing process and the peculiarities of each ham in exclusive sessions, where I combine learning and culinary pleasure.<\/p>\n<\/div>\r\n                                                                <h3 class=\"tamano4 color-2-headings-light\">Guidance in Selection and Preservation<\/h3>\r\n                                                <div class=\"texto tamano7 color-2-body-light\"><p data-start=\"670\" data-end=\"857\">I guide you to select and preserve the best ham, ensuring an optimal product for every occasion and prolonging its freshness and flavor.<\/p>\n<\/div>\r\n                                                            <\/div>\r\n        <\/div>\r\n    <\/div>\r\n<\/section>\r\n<style>\r\n    .about_ecommerce_curvy1_2_2 .row .col-texto h3 {\r\n        padding-bottom: 10px;\r\n    }\r\n\r\n    .about_ecommerce_curvy1_2_2 .row .col-texto {\r\n        max-width: 40%;\r\n        width: 100%;\r\n    }\r\n\r\n    .about_ecommerce_curvy1_2_2 .row {\r\n        display: flex;\r\n        flex-direction: row;\r\n        justify-content: space-between;\r\n        align-items: center;\r\n    }\r\n\r\n    .about_ecommerce_curvy1_2_2 .texto *:last-child {\r\n        padding-bottom: 0;\r\n    }\r\n\r\n    .about_ecommerce_curvy1_2_2 .col-imagen {\r\n        max-width: 50%;\r\n        width: 100%;\r\n    }\r\n\r\n    .about_ecommerce_curvy1_2_2 img {\r\n        width: 100%;\r\n        border-radius: 30px;\r\n    }\r\n    \r\n    .about_ecommerce_curvy1_2_2 .texto:not(:last-child) {\r\n        padding-bottom: 50px;\r\n    }\r\n\r\n    .about_ecommerce_curvy1_2_2 .texto * {\r\n        padding-bottom: 20px;\r\n    }\r\n\r\n    .about_ecommerce_curvy1_2_2 {\r\n        padding: 80px 150px;\r\n        position: relative;\r\n    }\r\n\r\n    @media (max-width:1750px) {\r\n        .about_ecommerce_curvy1_2_2 {\r\n            padding-left: 50px;\r\n            padding-right: 50px;\r\n        }\r\n    }\r\n\r\n    @media (max-width:1350px) {\r\n        .about_ecommerce_curvy1_2_2 .row .col-texto {\r\n            max-width: 50%;\r\n        }\r\n\r\n        .about_ecommerce_curvy1_2_2 {\r\n            padding-left: 0;\r\n            padding-right: 0;\r\n        }\r\n    }\r\n\r\n    @media (max-width:992px) {\r\n        .about_ecommerce_curvy1_2_2 .texto {\r\n            padding-bottom: 35px;\r\n        }\r\n\r\n        .about_ecommerce_curvy1_2_2 .row .col-texto,\r\n        .about_ecommerce_curvy1_2_2 .col-imagen {\r\n            max-width: 100%;\r\n        }\r\n\r\n        .about_ecommerce_curvy1_2_2 .row {\r\n            flex-direction: column;\r\n            gap: 35px;\r\n        }\r\n\r\n        .about_ecommerce_curvy1_2_2 .row .col-texto {\r\n            max-width: 100%;\r\n        }\r\n\r\n        .about_ecommerce_curvy1_2_2 {\r\n            padding: 40px 0;\r\n        }\r\n    }\r\n<\/style>\r\n\n\n<section class=\"cta_curvy1_3_1_2 background-1-light\" id=\"\" data-block-id=\"69e0f5282c7e569e0f5282c7e6\" data-block-name=\"acf\/cta-curvy1-3-1-2\" data-post-id=\"508\" data-stable-id=\"block_bcdb25b003079da4db8f6eb9b1b744a6\">\r\n    <div class=\"container\">\r\n        <div class=\"row\">\r\n            <div class=\"col\">\r\n                <div class=\"inner background-1-dark\">\r\n                                        <div class=\"titulo\">\r\n                        <h2 class=\"tamano3 color-2-headings-light\">Premium Ham Carving<\/h2>\r\n                    <\/div>\r\n                                                            <div class=\"texto color-2-body-light tamano7\"><p>Impress your guests with a perfect cut. Book your ham carver for your event now!<\/p>\n<\/div>\r\n                                                                <div class=\"ctas\">\r\n                                                            <a href=\"https:\/\/larutaibericagourmet.com\/precios\/\" target=\"\" class=\"btn-round tamano-7-mediumcta color-boton-3-texto-normal color-boton-3-texto-hover color-boton-3-normal color-boton-3-hover\">\r\n    \r\n    <span>Find out more<\/span>\r\n<\/a>\r\n\r\n<style>\r\n    .btn-border-rounded {\r\n        border-radius: 12px !important;\r\n    }\r\n\r\n    .btn-border-square {\r\n        border-radius: 0 !important;\r\n    }\r\n\r\n    \/* Estilos de hover *\/\r\n    .btn-hover-hover1:hover {\r\n        filter: contrast(0.55);\r\n    }\r\n\r\n    .btn-hover-hover2:hover {\r\n        filter: sepia(2);\r\n    }\r\n\r\n    \/* Estilos del icono cuando existe *\/\r\n    a i {\r\n        margin-right: 8px;\r\n        font-size: 16px;\r\n    }\r\n\r\n    \/* Icono Lucide *\/\r\n    .btn-icon--lucide {\r\n        display: inline-flex;\r\n        align-items: center;\r\n        justify-content: center;\r\n        margin-right: 8px;\r\n    }\r\n\r\n    .btn-icon--lucide svg {\r\n        width: 16px;\r\n        height: 16px;\r\n        display: block;\r\n    }\r\n<\/style>\r\n                                                    <\/div>\r\n                                    <\/div>\r\n            <\/div>\r\n        <\/div>\r\n    <\/div>\r\n<\/section>\r\n<style>\r\n    .cta_curvy1_3_1_2 .inner {\r\n        display: flex;\r\n        gap: 30px;\r\n        border-radius: 30px;\r\n        align-items: center;\r\n        padding: 55px 150px;\r\n        justify-content: space-between;\r\n    }\r\n\r\n     .cta_curvy1_3_1_2 .titulo {\r\n        max-width: 430px;\r\n        width: 100%;\r\n    }\r\n\r\n    .cta_curvy1_3_1_2 .texto {\r\n        max-width: 660px;\r\n        text-align: left;\r\n        width: 100%;\r\n    }\r\n\r\n    .cta_curvy1_3_1_2 {\r\n        padding: 80px 0;\r\n        position: relative;\r\n    }\r\n\r\n    .cta_curvy1_3_1_2 .btn-round {\r\n        border-radius: 60px;\r\n        padding: 15px 30px;\r\n        display: inline-block;\r\n        text-align: center;\r\n        transition: all ease .3s;\r\n        text-decoration: none;\r\n        min-width: 278px;\r\n        display: flex;\r\n        align-items: center;\r\n        justify-content: center;\r\n    }\r\n\r\n    @media (max-width:1750px) {\r\n        .cta_curvy1_3_1_2 .texto {\r\n            max-width: 500px;\r\n        }\r\n    }\r\n\r\n    @media (max-width:1600px) {\r\n        .cta_curvy1_3_1_2 .inner {\r\n            padding-left: 50px;\r\n            padding-right: 50px;\r\n        }\r\n    }\r\n\r\n    @media (max-width:1400px) {\r\n        .cta_curvy1_3_1_2 .texto {\r\n            max-width: 100%;\r\n        }\r\n\r\n        .cta_curvy1_3_1_2 .titulo {\r\n            width: 100%;\r\n        }\r\n    }\r\n\r\n    @media (max-width:1200px) {\r\n        .cta_curvy1_3_1_2 .inner {\r\n            padding-left: 15px;\r\n            padding-right: 15px;\r\n        }\r\n    }\r\n\r\n    @media (max-width:992px) {\r\n        .cta_curvy1_3_1_2 .col .inner {\r\n            border-radius: 30px;\r\n            flex-direction: column;\r\n            align-items: center;\r\n            justify-content: center;\r\n        }\r\n\r\n         .cta_curvy1_3_1_2 .col .inner>* {\r\n            width: 100%;\r\n            max-width: 100%;\r\n            text-align: left;\r\n        }\r\n\r\n        .cta_curvy1_3_1_2 .inner {\r\n            padding: 33px 23px;\r\n        }\r\n\r\n        .cta_curvy1_3_1_2 .col .ctas {\r\n            display: flex;\r\n            align-items: center;\r\n            justify-content: start;\r\n        }\r\n\r\n        .cta_curvy1_3_1_2 .col {\r\n            flex-direction: column;\r\n            justify-content: center;\r\n            align-items: center;\r\n        }\r\n\r\n        .cta_curvy1_3_1_2 {\r\n            padding: 40px 0;\r\n        }\r\n\r\n        .cta_curvy1_3_1_2 .btn-round {\r\n            min-width: 240px\r\n        }\r\n\r\n        .cta_curvy1_3_1_2 .titulo h2 {\r\n            line-height: var(--tamano5-line-height);\r\n        }\r\n    }\r\n<\/style>\r\n","protected":false},"excerpt":{"rendered":"","protected":false},"author":1,"featured_media":0,"parent":0,"menu_order":0,"comment_status":"open","ping_status":"closed","template":"","meta":{"_acf_changed":false,"iawp_total_views":2,"footnotes":""},"class_list":["post-508","page","type-page","status-publish","hentry"],"acf":[],"yoast_head":"<!-- This site is optimized with the Yoast SEO plugin v27.4 - https:\/\/yoast.com\/product\/yoast-seo-wordpress\/ -->\n<title>Corte de jam\u00f3n ib\u00e9rico para eventos tope<\/title>\n<meta name=\"description\" content=\"Descubre la elegancia gastron\u00f3mica con nuestro jam\u00f3n ib\u00e9rico premium. Perfecto para elevar tus eventos exclusivos a un nivel superior.\" \/>\n<meta name=\"robots\" content=\"index, follow, max-snippet:-1, max-image-preview:large, max-video-preview:-1\" \/>\n<link rel=\"canonical\" href=\"https:\/\/larutaibericagourmet.com\/en\/services\/\" \/>\n<meta property=\"og:locale\" content=\"en_US\" \/>\n<meta property=\"og:type\" content=\"article\" \/>\n<meta property=\"og:title\" content=\"Corte de jam\u00f3n ib\u00e9rico para eventos tope\" \/>\n<meta property=\"og:description\" content=\"Descubre la elegancia gastron\u00f3mica con nuestro jam\u00f3n ib\u00e9rico premium. Perfecto para elevar tus eventos exclusivos a un nivel superior.\" \/>\n<meta property=\"og:url\" content=\"https:\/\/larutaibericagourmet.com\/en\/services\/\" \/>\n<meta property=\"og:site_name\" content=\"La ruta ib\u00e9rica gourmet\" \/>\n<meta property=\"article:modified_time\" content=\"2026-03-06T10:06:50+00:00\" \/>\n<meta name=\"twitter:card\" content=\"summary_large_image\" \/>\n<!-- \/ Yoast SEO plugin. -->","yoast_head_json":{"title":"Corte de jam\u00f3n ib\u00e9rico para eventos tope","description":"Descubre la elegancia gastron\u00f3mica con nuestro jam\u00f3n ib\u00e9rico premium. Perfecto para elevar tus eventos exclusivos a un nivel superior.","robots":{"index":"index","follow":"follow","max-snippet":"max-snippet:-1","max-image-preview":"max-image-preview:large","max-video-preview":"max-video-preview:-1"},"canonical":"https:\/\/larutaibericagourmet.com\/en\/services\/","og_locale":"en_US","og_type":"article","og_title":"Corte de jam\u00f3n ib\u00e9rico para eventos tope","og_description":"Descubre la elegancia gastron\u00f3mica con nuestro jam\u00f3n ib\u00e9rico premium. Perfecto para elevar tus eventos exclusivos a un nivel superior.","og_url":"https:\/\/larutaibericagourmet.com\/en\/services\/","og_site_name":"La ruta ib\u00e9rica gourmet","article_modified_time":"2026-03-06T10:06:50+00:00","twitter_card":"summary_large_image","schema":{"@context":"https:\/\/schema.org","@graph":[{"@type":"WebPage","@id":"https:\/\/larutaibericagourmet.com\/en\/services\/","url":"https:\/\/larutaibericagourmet.com\/en\/services\/","name":"Corte de jam\u00f3n ib\u00e9rico para eventos tope","isPartOf":{"@id":"https:\/\/larutaibericagourmet.com\/en\/#website"},"datePublished":"2025-04-21T17:49:02+00:00","dateModified":"2026-03-06T10:06:50+00:00","description":"Descubre la elegancia gastron\u00f3mica con nuestro jam\u00f3n ib\u00e9rico premium. Perfecto para elevar tus eventos exclusivos a un nivel superior.","breadcrumb":{"@id":"https:\/\/larutaibericagourmet.com\/en\/services\/#breadcrumb"},"inLanguage":"en-US","potentialAction":[{"@type":"ReadAction","target":["https:\/\/larutaibericagourmet.com\/en\/services\/"]}]},{"@type":"BreadcrumbList","@id":"https:\/\/larutaibericagourmet.com\/en\/services\/#breadcrumb","itemListElement":[{"@type":"ListItem","position":1,"name":"Portada","item":"https:\/\/larutaibericagourmet.com\/en\/home\/"},{"@type":"ListItem","position":2,"name":"Services"}]},{"@type":"WebSite","@id":"https:\/\/larutaibericagourmet.com\/en\/#website","url":"https:\/\/larutaibericagourmet.com\/en\/","name":"La ruta ib\u00e9rica gourmet","description":"","publisher":{"@id":"https:\/\/larutaibericagourmet.com\/en\/#organization"},"potentialAction":[{"@type":"SearchAction","target":{"@type":"EntryPoint","urlTemplate":"https:\/\/larutaibericagourmet.com\/en\/?s={search_term_string}"},"query-input":{"@type":"PropertyValueSpecification","valueRequired":true,"valueName":"search_term_string"}}],"inLanguage":"en-US"},{"@type":"Organization","@id":"https:\/\/larutaibericagourmet.com\/en\/#organization","name":"La ruta ib\u00e9rica gourmet","url":"https:\/\/larutaibericagourmet.com\/en\/","logo":{"@type":"ImageObject","inLanguage":"en-US","@id":"https:\/\/larutaibericagourmet.com\/en\/#\/schema\/logo\/image\/","url":"https:\/\/larutaibericagourmet.com\/wp-content\/uploads\/2025\/04\/Leonardo_Phoenix_09_Disea_un_logotipo_para_La_ruta_ibrica_gour_0.jpg","contentUrl":"https:\/\/larutaibericagourmet.com\/wp-content\/uploads\/2025\/04\/Leonardo_Phoenix_09_Disea_un_logotipo_para_La_ruta_ibrica_gour_0.jpg","width":768,"height":768,"caption":"La ruta ib\u00e9rica gourmet "},"image":{"@id":"https:\/\/larutaibericagourmet.com\/en\/#\/schema\/logo\/image\/"}}]}},"_links":{"self":[{"href":"https:\/\/larutaibericagourmet.com\/en\/wp-json\/wp\/v2\/pages\/508","targetHints":{"allow":["GET"]}}],"collection":[{"href":"https:\/\/larutaibericagourmet.com\/en\/wp-json\/wp\/v2\/pages"}],"about":[{"href":"https:\/\/larutaibericagourmet.com\/en\/wp-json\/wp\/v2\/types\/page"}],"author":[{"embeddable":true,"href":"https:\/\/larutaibericagourmet.com\/en\/wp-json\/wp\/v2\/users\/1"}],"replies":[{"embeddable":true,"href":"https:\/\/larutaibericagourmet.com\/en\/wp-json\/wp\/v2\/comments?post=508"}],"version-history":[{"count":7,"href":"https:\/\/larutaibericagourmet.com\/en\/wp-json\/wp\/v2\/pages\/508\/revisions"}],"predecessor-version":[{"id":1212,"href":"https:\/\/larutaibericagourmet.com\/en\/wp-json\/wp\/v2\/pages\/508\/revisions\/1212"}],"wp:attachment":[{"href":"https:\/\/larutaibericagourmet.com\/en\/wp-json\/wp\/v2\/media?parent=508"}],"curies":[{"name":"wp","href":"https:\/\/api.w.org\/{rel}","templated":true}]}}