{"id":502,"date":"2025-04-21T17:50:39","date_gmt":"2025-04-21T17:50:39","guid":{"rendered":"https:\/\/larutaibericagourmet.com\/politica-de-cookies\/"},"modified":"2026-03-06T08:58:55","modified_gmt":"2026-03-06T08:58:55","slug":"cookie-policy","status":"publish","type":"page","link":"https:\/\/larutaibericagourmet.com\/en\/cookie-policy\/","title":{"rendered":"Cookie Policy"},"content":{"rendered":"<section class=\"text_content_text_1_1 background-1-light\" data-block-id=\"69e0dce1c2c1069e0dce1c2c11\" data-block-name=\"acf\/textcontent-1-1\" data-post-id=\"502\" data-stable-id=\"block_cd958ec6a49a47d3829b93c80bf313ee\">\r\n    <div class=\"container\">\r\n        <div class=\"row\">\r\n            <div class=\"col\">\r\n                <div class=\"content-theme\">\r\n                                        <div class=\"texto color-1-headings-dark tamano7\">\r\n                        <h2 style='text-align: center'>COOKIE POLICY <br \/>\n        https:\/\/larutaibericagourmet.com\/en\/<\/h2>\n<p>        &nbsp;<\/p>\n<p>\n        Accessing this Website may involve the use of cookies. Cookies are small amounts of information stored in the browser used by each User \u2014on the various devices they may use to navigate\u2014 to make the server remember certain information that later and only the server that implemented it will read. Cookies facilitate navigation, make it more user-friendly, and do not harm the browsing device.<\/p>\n<p>\n        Cookies are automatic procedures for collecting information pertaining to the preferences determined by the User during their visit to the Website, with the aim of recognizing them as a User and personalizing their experience and use of the Website. They may also, for example, help identify and resolve errors.\n        <\/p>\n<p>\n        The information collected through cookies may include the date and time of visits to the Website, the pages viewed, the time spent on the Website, and the sites visited just before and after it. However, no cookie allows for contact with the User&#8217;s phone number or any other personal contact method. No cookie can extract information from the User&#8217;s hard drive or steal personal information. The only way the User&#8217;s private information becomes part of the Cookie file is if the user personally provides that information to the server.<\/p>\n<p>\n        Cookies that enable identifying a person are considered personal data. Therefore, the previously described Privacy Policy is applicable to them. In this regard, the User&#8217;s consent will be required for the use of the same. This consent will be communicated based on an authentic choice, offered through an affirmative and positive decision, before the initial processing, removable and documented.<\/p>\n<p>        &nbsp;<\/p>\n<h4>Own cookies<\/h4>\n<p>\n        These are cookies sent to the User&#8217;s computer or device and managed exclusively by Blog de Jeffrey Rodr\u00edguez for the better functioning of the Website. The collected information is used to improve the quality of the Website and its Content and your experience as a User. These cookies allow recognizing the User as a recurring visitor to the Website and adapt the content to offer content that fits their preferences.<\/p>\n<p>        &nbsp;<\/p>\n<h4>Third-party cookies<\/h4>\n<p>\n        These are cookies used and managed by external entities that provide Blog de Jeffrey Rodr\u00edguez services requested by it to improve the Website and the user experience while browsing the Website. The main objectives for which third-party cookies are used are to obtain access statistics and analyze navigation information, that is, how the User interacts with the Website.<\/p>\n<p>\n        The information obtained refers, for example, to the number of pages visited, the language, the location to which the IP address the User accesses from, the number of Users accessing, the frequency and recurrence of visits, the visit time, the browser they use, the operator or type of device from which the visit is made. This information is used to improve the Website, and detect new needs to offer Users optimal quality Content and\/or services. In any case, the information is collected anonymously, and trend reports are prepared for the Website without identifying individual users.<\/p>\n<p>\n        More information about cookies, privacy information, or consulting the description of the type of cookies used, their main characteristics, expiration period, etc., can be obtained at the following link(s):\n        <\/p>\n<p>\n        The entities responsible for providing cookies may transfer this information to third parties, as long as required by law or when a third party processes this information for said entities.\n        <\/p>\n<p>        &nbsp;<\/p>\n<h4>\n        Social media cookies<\/h4>\n<p>\n        Blog de Jeffrey Rodr\u00edguez incorporates social media plugins, which allow access to them from the Website. For this reason, social media cookies may be stored in the User&#8217;s browser. The owners of those social networks have their own data protection and cookie policies, and they themselves, in each case, are responsible for their files and their own privacy practices. The User should refer to them to learn about these cookies and, if applicable, the processing of their personal data. Only for informational purposes, the links where these privacy and\/or cookie policies can be consulted are indicated below:<\/p>\n<ul>\n<li>Facebook: <a href='https:\/\/www.facebook.com\/policies\/cookies\/'>https:\/\/www.facebook.com\/policies\/cookies\/<\/a><\/li>\n<li>Twitter: <a href='https:\/\/twitter.com\/es\/privacy'>https:\/\/twitter.com\/es\/privacy<\/a><\/li>\n<li>Instagram: <a href='https:\/\/help.instagram.com\/1896641480634370?ref=ig'>https:\/\/help.instagram.com\/1896641480634370?ref=ig<\/a><\/li>\n<li>YouTube: <a href='https:\/\/policies.google.com\/privacy?hl=es-419&amp;gl=mx'>https:\/\/policies.google.com\/privacy?hl=es-419&amp;gl=mx<\/a><\/li>\n<li>Pinterest: <a href='https:\/\/policy.pinterest.com\/es\/privacy-policy'>https:\/\/policy.pinterest.com\/es\/privacy-policy<\/a><\/li>\n<li>LinkedIn: <a href='https:\/\/www.linkedin.com\/legal\/cookie-policy?trk=hp-cookies'>https:\/\/www.linkedin.com\/legal\/cookie-policy?trk=hp-cookies<\/a><\/li>\n<li>Disable, reject and delete cookies<\/li>\n<\/ul>\n<p>\n        The User can disable, reject and delete the cookies \u2014totally or partially\u2014 installed on their device by configuring their browser (among which are, for example, Chrome, Firefox, Safari, Explorer). In this regard, procedures to reject and delete cookies may differ from one Internet browser to another. Consequently, the User should consult the instructions provided by the specific Internet browser they are using. In case they reject the use of cookies \u2014totally or partially\u2014 they can still use the Website, although some of its features may be limited.<\/p>\n<p>\n        This Cookie Policy document was created using the free online web cookie policy template generator on the date 18\/02\/2024.\n        <\/p>\n                    <\/div>\r\n                                    <\/div>\r\n            <\/div>\r\n        <\/div>\r\n    <\/div>\r\n<\/section>\r\n<style>\r\n    .text_content_text_1_1 h1 {\r\n        padding-bottom: 60px;\r\n        font-size: var(--tamano1-font-size);\r\n        font-weight: var(--tamano1-font-weight);\r\n        line-height: var(--tamano1-line-height);\r\n        letter-spacing: var(--tamano1-letter-spacing);\r\n        font-family: var(--tamano1-font-family);\r\n        color: var(--color-2-headings-dark);\r\n    }\r\n\r\n    .text_content_text_1_1 h2 {\r\n        padding-bottom: 60px;\r\n        font-size: var(--tamano2-font-size);\r\n        font-weight: var(--tamano2-font-weight);\r\n        line-height: var(--tamano2-line-height);\r\n        letter-spacing: var(--tamano2-letter-spacing);\r\n        font-family: var(--tamano2-font-family);\r\n        color: var(--color-2-headings-dark);\r\n    }\r\n\r\n    .text_content_text_1_1 h3 {\r\n        padding-bottom: 60px;\r\n        font-size: var(--tamano3-font-size);\r\n        font-weight: var(--tamano3-font-weight);\r\n        line-height: var(--tamano3-line-height);\r\n        letter-spacing: var(--tamano3-letter-spacing);\r\n        font-family: var(--tamano3-font-family);\r\n        color: var(--color-2-headings-dark);\r\n    }\r\n\r\n    .text_content_text_1_1 h4 {\r\n        padding-bottom: 60px;\r\n        font-size: var(--tamano4-font-size);\r\n        font-weight: var(--tamano4-font-weight);\r\n        line-height: var(--tamano4-line-height);\r\n        letter-spacing: var(--tamano4-letter-spacing);\r\n        font-family: var(--tamano4-font-family);\r\n        color: var(--color-2-headings-dark);\r\n    }\r\n\r\n    .text_content_text_1_1 ul,\r\n    .text_content_text_1_1 ol {\r\n        padding-left: 20px;\r\n    }\r\n\r\n    .text_content_text_1_1 .row .col {\r\n        padding-top: 75px;\r\n        width: 100%;\r\n    }\r\n\r\n\r\n    .text_content_text_1_1 .texto {\r\n        margin-bottom: 50px;\r\n    }\r\n\r\n    .text_content_text_1_1 .texto * {\r\n        padding-bottom: 20px;\r\n    }\r\n\r\n\r\n    .text_content_text_1_1 .row {\r\n        display: flex;\r\n        gap: 0px;\r\n    }\r\n\r\n    .text_content_text_1_1 {\r\n        position: relative;\r\n        background-position: center;\r\n        background-repeat: no-repeat;\r\n        background-size: cover;\r\n        padding: 81px 150px;\r\n        margin-top: -1px;\r\n    }\r\n\r\n    @media (max-width:1750px) {\r\n        .text_content_text_1_1 .row {\r\n            gap: 100px;\r\n        }\r\n    }\r\n\r\n    @media (max-width:1550px) {\r\n        .text_content_text_1_1 {\r\n            padding-left: 50px;\r\n            padding-right: 50px;\r\n        }\r\n    }\r\n\r\n    @media (max-width:1350px) {\r\n        .text_content_text_1_1 .row {\r\n            gap: 30px;\r\n        }\r\n    }\r\n\r\n    @media (max-width:1200px) {\r\n        .text_content_text_1_1 {\r\n            padding-left: 0;\r\n            padding-right: 0;\r\n        }\r\n    }\r\n\r\n    @media (max-width:992px) {\r\n        .text_content_text_1_1 .row .col-left {\r\n            padding-top: 0;\r\n            max-width: 100%;\r\n        }\r\n\r\n        .text_content_text_1_1 .texto {\r\n            margin-bottom: 35px;\r\n        }\r\n\r\n        .text_content_text_1_1 h2 {\r\n            padding-bottom: 40px;\r\n        }\r\n\r\n        .text_content_text_1_1 {\r\n            padding: 40px 0;\r\n        }\r\n\r\n        .text_content_text_1_1 h1 {\r\n            font-size: var(--tamano1-font-size-mobile);\r\n        }\r\n\r\n        .text_content_text_1_1 h2 {\r\n            font-size: var(--tamano2-font-size-mobile);\r\n        }\r\n\r\n        .text_content_text_1_1 h3 {\r\n            font-size: var(--tamano3-font-size-mobile);\r\n        }\r\n\r\n        .text_content_text_1_1 h4 {\r\n            font-size: var(--tamano4-font-size-mobile);\r\n        }\r\n    }\r\n<\/style>\r\n","protected":false},"excerpt":{"rendered":"","protected":false},"author":0,"featured_media":0,"parent":0,"menu_order":0,"comment_status":"open","ping_status":"closed","template":"","meta":{"_acf_changed":false,"iawp_total_views":3,"footnotes":""},"class_list":["post-502","page","type-page","status-publish","hentry"],"acf":[],"yoast_head":"<!-- This site is optimized with the Yoast SEO plugin v27.4 - https:\/\/yoast.com\/product\/yoast-seo-wordpress\/ -->\n<title>Pol\u00edtica de Cookies | La Ruta Ib\u00e9rica Gourmet<\/title>\n<meta name=\"description\" content=\"Conozca c\u00f3mo La Ruta Ib\u00e9rica Gourmet utiliza cookies para mejorar su experiencia, personalizar contenido y analizar tr\u00e1fico. Informaci\u00f3n detallada y control de privacidad.\" \/>\n<meta name=\"robots\" content=\"index, follow, max-snippet:-1, max-image-preview:large, max-video-preview:-1\" \/>\n<link rel=\"canonical\" href=\"https:\/\/larutaibericagourmet.com\/en\/cookie-policy\/\" \/>\n<meta property=\"og:locale\" content=\"en_US\" \/>\n<meta property=\"og:type\" content=\"article\" \/>\n<meta property=\"og:title\" content=\"Pol\u00edtica de Cookies | La Ruta Ib\u00e9rica Gourmet\" \/>\n<meta property=\"og:description\" content=\"Conozca c\u00f3mo La Ruta Ib\u00e9rica Gourmet utiliza cookies para mejorar su experiencia, personalizar contenido y analizar tr\u00e1fico. Informaci\u00f3n detallada y control de privacidad.\" \/>\n<meta property=\"og:url\" content=\"https:\/\/larutaibericagourmet.com\/en\/cookie-policy\/\" \/>\n<meta property=\"og:site_name\" content=\"La ruta ib\u00e9rica gourmet\" \/>\n<meta property=\"article:modified_time\" content=\"2026-03-06T08:58:55+00:00\" \/>\n<meta name=\"twitter:card\" content=\"summary_large_image\" \/>\n<!-- \/ Yoast SEO plugin. -->","yoast_head_json":{"title":"Pol\u00edtica de Cookies | La Ruta Ib\u00e9rica Gourmet","description":"Conozca c\u00f3mo La Ruta Ib\u00e9rica Gourmet utiliza cookies para mejorar su experiencia, personalizar contenido y analizar tr\u00e1fico. Informaci\u00f3n detallada y control de privacidad.","robots":{"index":"index","follow":"follow","max-snippet":"max-snippet:-1","max-image-preview":"max-image-preview:large","max-video-preview":"max-video-preview:-1"},"canonical":"https:\/\/larutaibericagourmet.com\/en\/cookie-policy\/","og_locale":"en_US","og_type":"article","og_title":"Pol\u00edtica de Cookies | La Ruta Ib\u00e9rica Gourmet","og_description":"Conozca c\u00f3mo La Ruta Ib\u00e9rica Gourmet utiliza cookies para mejorar su experiencia, personalizar contenido y analizar tr\u00e1fico. Informaci\u00f3n detallada y control de privacidad.","og_url":"https:\/\/larutaibericagourmet.com\/en\/cookie-policy\/","og_site_name":"La ruta ib\u00e9rica gourmet","article_modified_time":"2026-03-06T08:58:55+00:00","twitter_card":"summary_large_image","schema":{"@context":"https:\/\/schema.org","@graph":[{"@type":"WebPage","@id":"https:\/\/larutaibericagourmet.com\/en\/cookie-policy\/","url":"https:\/\/larutaibericagourmet.com\/en\/cookie-policy\/","name":"Pol\u00edtica de Cookies | La Ruta Ib\u00e9rica Gourmet","isPartOf":{"@id":"https:\/\/larutaibericagourmet.com\/en\/#website"},"datePublished":"2025-04-21T17:50:39+00:00","dateModified":"2026-03-06T08:58:55+00:00","description":"Conozca c\u00f3mo La Ruta Ib\u00e9rica Gourmet utiliza cookies para mejorar su experiencia, personalizar contenido y analizar tr\u00e1fico. Informaci\u00f3n detallada y control de privacidad.","breadcrumb":{"@id":"https:\/\/larutaibericagourmet.com\/en\/cookie-policy\/#breadcrumb"},"inLanguage":"en-US","potentialAction":[{"@type":"ReadAction","target":["https:\/\/larutaibericagourmet.com\/en\/cookie-policy\/"]}]},{"@type":"BreadcrumbList","@id":"https:\/\/larutaibericagourmet.com\/en\/cookie-policy\/#breadcrumb","itemListElement":[{"@type":"ListItem","position":1,"name":"Portada","item":"https:\/\/larutaibericagourmet.com\/en\/home\/"},{"@type":"ListItem","position":2,"name":"Cookie Policy"}]},{"@type":"WebSite","@id":"https:\/\/larutaibericagourmet.com\/en\/#website","url":"https:\/\/larutaibericagourmet.com\/en\/","name":"La ruta ib\u00e9rica gourmet","description":"","publisher":{"@id":"https:\/\/larutaibericagourmet.com\/en\/#organization"},"potentialAction":[{"@type":"SearchAction","target":{"@type":"EntryPoint","urlTemplate":"https:\/\/larutaibericagourmet.com\/en\/?s={search_term_string}"},"query-input":{"@type":"PropertyValueSpecification","valueRequired":true,"valueName":"search_term_string"}}],"inLanguage":"en-US"},{"@type":"Organization","@id":"https:\/\/larutaibericagourmet.com\/en\/#organization","name":"La ruta ib\u00e9rica gourmet","url":"https:\/\/larutaibericagourmet.com\/en\/","logo":{"@type":"ImageObject","inLanguage":"en-US","@id":"https:\/\/larutaibericagourmet.com\/en\/#\/schema\/logo\/image\/","url":"https:\/\/larutaibericagourmet.com\/wp-content\/uploads\/2025\/04\/Leonardo_Phoenix_09_Disea_un_logotipo_para_La_ruta_ibrica_gour_0.jpg","contentUrl":"https:\/\/larutaibericagourmet.com\/wp-content\/uploads\/2025\/04\/Leonardo_Phoenix_09_Disea_un_logotipo_para_La_ruta_ibrica_gour_0.jpg","width":768,"height":768,"caption":"La ruta ib\u00e9rica gourmet "},"image":{"@id":"https:\/\/larutaibericagourmet.com\/en\/#\/schema\/logo\/image\/"}}]}},"_links":{"self":[{"href":"https:\/\/larutaibericagourmet.com\/en\/wp-json\/wp\/v2\/pages\/502","targetHints":{"allow":["GET"]}}],"collection":[{"href":"https:\/\/larutaibericagourmet.com\/en\/wp-json\/wp\/v2\/pages"}],"about":[{"href":"https:\/\/larutaibericagourmet.com\/en\/wp-json\/wp\/v2\/types\/page"}],"replies":[{"embeddable":true,"href":"https:\/\/larutaibericagourmet.com\/en\/wp-json\/wp\/v2\/comments?post=502"}],"version-history":[{"count":2,"href":"https:\/\/larutaibericagourmet.com\/en\/wp-json\/wp\/v2\/pages\/502\/revisions"}],"predecessor-version":[{"id":1205,"href":"https:\/\/larutaibericagourmet.com\/en\/wp-json\/wp\/v2\/pages\/502\/revisions\/1205"}],"wp:attachment":[{"href":"https:\/\/larutaibericagourmet.com\/en\/wp-json\/wp\/v2\/media?parent=502"}],"curies":[{"name":"wp","href":"https:\/\/api.w.org\/{rel}","templated":true}]}}